{"id":7,"date":"2020-04-11T09:25:43","date_gmt":"2020-04-11T09:25:43","guid":{"rendered":"http:\/\/denisaneacsu.ro\/?page_id=7"},"modified":"2021-09-25T09:53:55","modified_gmt":"2021-09-25T09:53:55","slug":"despre","status":"publish","type":"page","link":"https:\/\/denisaneacsu.ro\/index.php\/despre\/","title":{"rendered":"Despre mine"},"content":{"rendered":"\n<div class=\"wp-block-image\"><figure class=\"alignleft size-large\"><img loading=\"lazy\" width=\"769\" height=\"1024\" src=\"https:\/\/denisaneacsu.ro\/wp-content\/uploads\/2021\/09\/60270909-F617-40A0-9AC3-AF1831EFD5D8-769x1024.jpeg\" alt=\"\" class=\"wp-image-4901\" srcset=\"https:\/\/denisaneacsu.ro\/wp-content\/uploads\/2021\/09\/60270909-F617-40A0-9AC3-AF1831EFD5D8-769x1024.jpeg 769w, https:\/\/denisaneacsu.ro\/wp-content\/uploads\/2021\/09\/60270909-F617-40A0-9AC3-AF1831EFD5D8-225x300.jpeg 225w, https:\/\/denisaneacsu.ro\/wp-content\/uploads\/2021\/09\/60270909-F617-40A0-9AC3-AF1831EFD5D8-768x1022.jpeg 768w, https:\/\/denisaneacsu.ro\/wp-content\/uploads\/2021\/09\/60270909-F617-40A0-9AC3-AF1831EFD5D8-1154x1536.jpeg 1154w, https:\/\/denisaneacsu.ro\/wp-content\/uploads\/2021\/09\/60270909-F617-40A0-9AC3-AF1831EFD5D8-1200x1597.jpeg 1200w, https:\/\/denisaneacsu.ro\/wp-content\/uploads\/2021\/09\/60270909-F617-40A0-9AC3-AF1831EFD5D8.jpeg 1537w\" sizes=\"(max-width: 769px) 100vw, 769px\" \/><\/figure><\/div>\n\n\n\n<p>Sunt psiholog \u0219i psihoterapeut format la Universitatea Bucure\u0219ti \u0219i rezonez mai degrab\u0103 cu terapiile umaniste, care pun \u00een centru experien\u021ba uman\u0103 \u0219i mai pu\u021bin tehnica din spate.<\/p>\n\n\n\n<p>Am vrut s\u0103 descop\u0103r natura uman\u0103 de c\u00e2nd m\u0103 \u0219tiu, a\u0219a c\u0103 drumul spre psihologie a devenit un r\u0103spuns clar la dileme pe care, ca \u0219i tine, le-am tot avut. \u00centreb\u0103ri care nu m-au l\u0103sat s\u0103 merg mai departe, f\u0103r\u0103 s\u0103 caut m\u0103car s\u0103 le adresez. Dar dincolo de curiozitate, a mai fost si altceva: o nevoie de a face ceva cu sens, la care s\u0103 m\u0103 uit \u00een urm\u0103 cu drag \u0219i \u00eemplinire. \u0218i dintre toate profesiile din lume, aceasta m-a cucerit definitiv.<\/p>\n\n\n\n<p>A durat destul de mult timp p\u00e2n\u0103 c\u00e2nd m-am convins pe propria mea piele c\u0103 merit\u0103 investi\u021bia \u0219i c\u0103 acest drum al autocunoa\u0219terii are efecte \u00een via\u021ba mea \u0219i a altora. <\/p>\n\n\n\n<p>\u0218edin\u021bele unu la unu pe care le sus\u021bin sunt mai degrab\u0103 un timp pre\u021bios cu propria persoan\u0103, o conversa\u021bie intim\u0103 la care sunt martor\u0103 \u0219i partener\u0103 de drum. C\u00e2teodat\u0103 vin cu acceptare, speran\u021b\u0103, relaxare, alt\u0103 dat\u0103 sunt \u00eent\u00e2lniri dureroase cu momente din trecut, care pentru moment sunt nepl\u0103cute, dar \u00een timp, merit\u0103, pentru c\u0103 aduc sinceritate \u0219i valoare. Este un &#8222;greu&#8221; care merit\u0103 str\u0103b\u0103tut, mai ales cu cineva dedicat al\u0103turi.<\/p>\n\n\n\n<p>Am lucrat cu foarte mul\u021bi oameni diver\u0219i \u00een cei 10 ani de c\u00e2nd practic aceast\u0103 profesie \u0219i pe m\u0103sur\u0103 ce m-am apropiat mai mult de povestea fiec\u0103rei persoane am realizat c\u0103 psihologia este pentru mine un fel de a tr\u0103i \u0219i nu doar un job.<\/p>\n\n\n\n<p>Eu omul din spatele rolului sunt o fire calm\u0103, r\u0103bd\u0103toare, foarte loial\u0103 \u0219i dedicat\u0103 \u0219i \u00een general, open-minded \u0219i cu sim\u021bul umorului. Pot deveni uneori prea analitic\u0103 \u0219i mental\u0103 sau m\u0103 pot pierde \u00een lumea fanteziei, dar m\u0103 str\u0103duiesc s\u0103 fiu atent\u0103 \u0219i s\u0103 evit aceste capcane. <\/p>\n\n\n\n<p>Sunt \u0219i eu \u00een acest proces de devenire, ca \u0219i tine, poate singura diferen\u021b\u0103 e c\u0103 l-am \u00eenceput mai demult \u0219i pot s\u0103 fac un intro legat de ce urmeaz\u0103 s\u0103 \u00eent\u00e2lne\u0219ti, de\u0219i sigur experien\u021ba ta este \u0219i va fi unic\u0103, dar totu\u0219i nu at\u00e2t de izolat\u0103 \u00eenc\u00e2t s\u0103 te sim\u021bi singur\u0103 \u00een proces.<\/p>\n","protected":false},"excerpt":{"rendered":"<p>Sunt psiholog \u0219i psihoterapeut format la Universitatea Bucure\u0219ti \u0219i rezonez mai degrab\u0103 cu terapiile umaniste, care pun \u00een centru experien\u021ba uman\u0103 \u0219i mai pu\u021bin tehnica din spate. Am vrut s\u0103 descop\u0103r natura uman\u0103 de c\u00e2nd m\u0103 \u0219tiu, a\u0219a c\u0103 drumul spre psihologie a devenit un r\u0103spuns clar la dileme pe care, ca \u0219i tine, le-am [&hellip;]<\/p>\n","protected":false},"author":1,"featured_media":0,"parent":0,"menu_order":0,"comment_status":"closed","ping_status":"closed","template":"","meta":[],"yoast_head":"<!-- This site is optimized with the Yoast SEO plugin v19.6 - https:\/\/yoast.com\/wordpress\/plugins\/seo\/ -->\n<title>Despre mine - Denisa Neac\u0219u<\/title>\n<meta name=\"robots\" content=\"index, follow, max-snippet:-1, max-image-preview:large, max-video-preview:-1\" \/>\n<link rel=\"canonical\" href=\"https:\/\/denisaneacsu.ro\/index.php\/despre\/\" \/>\n<meta property=\"og:locale\" content=\"ro_RO\" \/>\n<meta property=\"og:type\" content=\"article\" \/>\n<meta property=\"og:title\" content=\"Despre mine - Denisa Neac\u0219u\" \/>\n<meta property=\"og:description\" content=\"Sunt psiholog \u0219i psihoterapeut format la Universitatea Bucure\u0219ti \u0219i rezonez mai degrab\u0103 cu terapiile umaniste, care pun \u00een centru experien\u021ba uman\u0103 \u0219i mai pu\u021bin tehnica din spate. Am vrut s\u0103 descop\u0103r natura uman\u0103 de c\u00e2nd m\u0103 \u0219tiu, a\u0219a c\u0103 drumul spre psihologie a devenit un r\u0103spuns clar la dileme pe care, ca \u0219i tine, le-am [&hellip;]\" \/>\n<meta property=\"og:url\" content=\"https:\/\/denisaneacsu.ro\/index.php\/despre\/\" \/>\n<meta property=\"og:site_name\" content=\"Denisa Neac\u0219u\" \/>\n<meta property=\"article:publisher\" content=\"https:\/\/www.facebook.com\/Lookinsidefirst\/\" \/>\n<meta property=\"article:modified_time\" content=\"2021-09-25T09:53:55+00:00\" \/>\n<meta property=\"og:image\" content=\"https:\/\/denisaneacsu.ro\/wp-content\/uploads\/2021\/09\/60270909-F617-40A0-9AC3-AF1831EFD5D8-769x1024.jpeg\" \/>\n<meta name=\"twitter:card\" content=\"summary_large_image\" \/>\n<meta name=\"twitter:label1\" content=\"Timp estimat pentru citire\" \/>\n\t<meta name=\"twitter:data1\" content=\"2 minute\" \/>\n<script type=\"application\/ld+json\" class=\"yoast-schema-graph\">{\"@context\":\"https:\/\/schema.org\",\"@graph\":[{\"@type\":\"WebPage\",\"@id\":\"https:\/\/denisaneacsu.ro\/index.php\/despre\/\",\"url\":\"https:\/\/denisaneacsu.ro\/index.php\/despre\/\",\"name\":\"Despre mine - Denisa Neac\u0219u\",\"isPartOf\":{\"@id\":\"https:\/\/denisaneacsu.ro\/#website\"},\"datePublished\":\"2020-04-11T09:25:43+00:00\",\"dateModified\":\"2021-09-25T09:53:55+00:00\",\"breadcrumb\":{\"@id\":\"https:\/\/denisaneacsu.ro\/index.php\/despre\/#breadcrumb\"},\"inLanguage\":\"ro-RO\",\"potentialAction\":[{\"@type\":\"ReadAction\",\"target\":[\"https:\/\/denisaneacsu.ro\/index.php\/despre\/\"]}]},{\"@type\":\"BreadcrumbList\",\"@id\":\"https:\/\/denisaneacsu.ro\/index.php\/despre\/#breadcrumb\",\"itemListElement\":[{\"@type\":\"ListItem\",\"position\":1,\"name\":\"Prima pagin\u0103\",\"item\":\"https:\/\/denisaneacsu.ro\/\"},{\"@type\":\"ListItem\",\"position\":2,\"name\":\"Despre mine\"}]},{\"@type\":\"WebSite\",\"@id\":\"https:\/\/denisaneacsu.ro\/#website\",\"url\":\"https:\/\/denisaneacsu.ro\/\",\"name\":\"Denisa Neac\u0219u\",\"description\":\"psihoterapie si sanatate mentala\",\"publisher\":{\"@id\":\"https:\/\/denisaneacsu.ro\/#\/schema\/person\/562df509864c7c9d4f2f535c2582c5f1\"},\"potentialAction\":[{\"@type\":\"SearchAction\",\"target\":{\"@type\":\"EntryPoint\",\"urlTemplate\":\"https:\/\/denisaneacsu.ro\/?s={search_term_string}\"},\"query-input\":\"required name=search_term_string\"}],\"inLanguage\":\"ro-RO\"},{\"@type\":[\"Person\",\"Organization\"],\"@id\":\"https:\/\/denisaneacsu.ro\/#\/schema\/person\/562df509864c7c9d4f2f535c2582c5f1\",\"name\":\"denisa.neacsu\",\"image\":{\"@type\":\"ImageObject\",\"inLanguage\":\"ro-RO\",\"@id\":\"https:\/\/denisaneacsu.ro\/#\/schema\/person\/image\/\",\"url\":\"https:\/\/denisaneacsu.ro\/wp-content\/uploads\/2022\/04\/278005972_1050815492459900_7211265729525289079_n-scaled.jpg\",\"contentUrl\":\"https:\/\/denisaneacsu.ro\/wp-content\/uploads\/2022\/04\/278005972_1050815492459900_7211265729525289079_n-scaled.jpg\",\"width\":1923,\"height\":2560,\"caption\":\"denisa.neacsu\"},\"logo\":{\"@id\":\"https:\/\/denisaneacsu.ro\/#\/schema\/person\/image\/\"},\"sameAs\":[\"http:\/\/denisaneacsu.ro\",\"https:\/\/www.facebook.com\/Lookinsidefirst\/\",\"https:\/\/www.instagram.com\/invites\/contact\/?i=iz51diwpbhl&utm_content=oi8fswv\"]}]}<\/script>\n<!-- \/ Yoast SEO plugin. -->","yoast_head_json":{"title":"Despre mine - Denisa Neac\u0219u","robots":{"index":"index","follow":"follow","max-snippet":"max-snippet:-1","max-image-preview":"max-image-preview:large","max-video-preview":"max-video-preview:-1"},"canonical":"https:\/\/denisaneacsu.ro\/index.php\/despre\/","og_locale":"ro_RO","og_type":"article","og_title":"Despre mine - Denisa Neac\u0219u","og_description":"Sunt psiholog \u0219i psihoterapeut format la Universitatea Bucure\u0219ti \u0219i rezonez mai degrab\u0103 cu terapiile umaniste, care pun \u00een centru experien\u021ba uman\u0103 \u0219i mai pu\u021bin tehnica din spate. Am vrut s\u0103 descop\u0103r natura uman\u0103 de c\u00e2nd m\u0103 \u0219tiu, a\u0219a c\u0103 drumul spre psihologie a devenit un r\u0103spuns clar la dileme pe care, ca \u0219i tine, le-am [&hellip;]","og_url":"https:\/\/denisaneacsu.ro\/index.php\/despre\/","og_site_name":"Denisa Neac\u0219u","article_publisher":"https:\/\/www.facebook.com\/Lookinsidefirst\/","article_modified_time":"2021-09-25T09:53:55+00:00","og_image":[{"url":"https:\/\/denisaneacsu.ro\/wp-content\/uploads\/2021\/09\/60270909-F617-40A0-9AC3-AF1831EFD5D8-769x1024.jpeg"}],"twitter_card":"summary_large_image","twitter_misc":{"Timp estimat pentru citire":"2 minute"},"schema":{"@context":"https:\/\/schema.org","@graph":[{"@type":"WebPage","@id":"https:\/\/denisaneacsu.ro\/index.php\/despre\/","url":"https:\/\/denisaneacsu.ro\/index.php\/despre\/","name":"Despre mine - Denisa Neac\u0219u","isPartOf":{"@id":"https:\/\/denisaneacsu.ro\/#website"},"datePublished":"2020-04-11T09:25:43+00:00","dateModified":"2021-09-25T09:53:55+00:00","breadcrumb":{"@id":"https:\/\/denisaneacsu.ro\/index.php\/despre\/#breadcrumb"},"inLanguage":"ro-RO","potentialAction":[{"@type":"ReadAction","target":["https:\/\/denisaneacsu.ro\/index.php\/despre\/"]}]},{"@type":"BreadcrumbList","@id":"https:\/\/denisaneacsu.ro\/index.php\/despre\/#breadcrumb","itemListElement":[{"@type":"ListItem","position":1,"name":"Prima pagin\u0103","item":"https:\/\/denisaneacsu.ro\/"},{"@type":"ListItem","position":2,"name":"Despre mine"}]},{"@type":"WebSite","@id":"https:\/\/denisaneacsu.ro\/#website","url":"https:\/\/denisaneacsu.ro\/","name":"Denisa Neac\u0219u","description":"psihoterapie si sanatate mentala","publisher":{"@id":"https:\/\/denisaneacsu.ro\/#\/schema\/person\/562df509864c7c9d4f2f535c2582c5f1"},"potentialAction":[{"@type":"SearchAction","target":{"@type":"EntryPoint","urlTemplate":"https:\/\/denisaneacsu.ro\/?s={search_term_string}"},"query-input":"required name=search_term_string"}],"inLanguage":"ro-RO"},{"@type":["Person","Organization"],"@id":"https:\/\/denisaneacsu.ro\/#\/schema\/person\/562df509864c7c9d4f2f535c2582c5f1","name":"denisa.neacsu","image":{"@type":"ImageObject","inLanguage":"ro-RO","@id":"https:\/\/denisaneacsu.ro\/#\/schema\/person\/image\/","url":"https:\/\/denisaneacsu.ro\/wp-content\/uploads\/2022\/04\/278005972_1050815492459900_7211265729525289079_n-scaled.jpg","contentUrl":"https:\/\/denisaneacsu.ro\/wp-content\/uploads\/2022\/04\/278005972_1050815492459900_7211265729525289079_n-scaled.jpg","width":1923,"height":2560,"caption":"denisa.neacsu"},"logo":{"@id":"https:\/\/denisaneacsu.ro\/#\/schema\/person\/image\/"},"sameAs":["http:\/\/denisaneacsu.ro","https:\/\/www.facebook.com\/Lookinsidefirst\/","https:\/\/www.instagram.com\/invites\/contact\/?i=iz51diwpbhl&utm_content=oi8fswv"]}]}},"_links":{"self":[{"href":"https:\/\/denisaneacsu.ro\/index.php\/wp-json\/wp\/v2\/pages\/7"}],"collection":[{"href":"https:\/\/denisaneacsu.ro\/index.php\/wp-json\/wp\/v2\/pages"}],"about":[{"href":"https:\/\/denisaneacsu.ro\/index.php\/wp-json\/wp\/v2\/types\/page"}],"author":[{"embeddable":true,"href":"https:\/\/denisaneacsu.ro\/index.php\/wp-json\/wp\/v2\/users\/1"}],"replies":[{"embeddable":true,"href":"https:\/\/denisaneacsu.ro\/index.php\/wp-json\/wp\/v2\/comments?post=7"}],"version-history":[{"count":5,"href":"https:\/\/denisaneacsu.ro\/index.php\/wp-json\/wp\/v2\/pages\/7\/revisions"}],"predecessor-version":[{"id":4902,"href":"https:\/\/denisaneacsu.ro\/index.php\/wp-json\/wp\/v2\/pages\/7\/revisions\/4902"}],"wp:attachment":[{"href":"https:\/\/denisaneacsu.ro\/index.php\/wp-json\/wp\/v2\/media?parent=7"}],"curies":[{"name":"wp","href":"https:\/\/api.w.org\/{rel}","templated":true}]}}